{"id":86,"date":"2020-10-13T13:29:21","date_gmt":"2020-10-13T11:29:21","guid":{"rendered":"http:\/\/85.159.110.180\/Test\/Ekosys\/?page_id=86"},"modified":"2020-10-14T15:53:20","modified_gmt":"2020-10-14T13:53:20","slug":"kontakt","status":"publish","type":"page","link":"http:\/\/85.159.110.180\/Test\/Ekosys\/kontakt\/","title":{"rendered":"Kontakt"},"content":{"rendered":"\n<p><strong>Adresa:<\/strong><\/p>\n\n\n\n<p>Ekosys spol s r.o., Koll\u00e1rova 4, 078 01 Se\u010dovce<\/p>\n\n\n<div id=\"wpgmza_map\" data-settings='{\"id\":\"1\",\"map_title\":\"Adresa\",\"map_width\":\"100\",\"map_height\":\"400\",\"map_start_lat\":\"48.704565\",\"map_start_lng\":\"21.663631\",\"map_start_location\":\"48.70456450000006,21.6636311\",\"map_start_zoom\":\"14\",\"default_marker\":\"0\",\"type\":\"1\",\"alignment\":\"2\",\"directions_enabled\":\"1\",\"styling_enabled\":\"0\",\"styling_json\":\"\",\"active\":\"0\",\"kml\":\"\",\"bicycle\":\"2\",\"traffic\":\"2\",\"dbox\":\"1\",\"dbox_width\":\"100\",\"listmarkers\":\"0\",\"listmarkers_advanced\":\"0\",\"filterbycat\":\"0\",\"ugm_enabled\":\"0\",\"ugm_category_enabled\":\"0\",\"fusion\":\"\",\"map_width_type\":\"\\\\%\",\"map_height_type\":\"px\",\"mass_marker_support\":\"1\",\"ugm_access\":\"0\",\"order_markers_by\":\"1\",\"order_markers_choice\":\"2\",\"show_user_location\":\"0\",\"default_to\":\"\",\"other_settings\":{\"store_locator_enabled\":2,\"store_locator_distance\":2,\"store_locator_default_radius\":10,\"store_locator_not_found_message\":\"No results found in this location. Please try again.\",\"store_locator_bounce\":1,\"store_locator_query_string\":\"PS\\u010c \\\/ Adresa:\",\"store_locator_default_address\":\"\",\"wpgmza_store_locator_restrict\":\"\",\"wpgmza_store_locator_radius_style\":\"modern\",\"map_max_zoom\":\"1\",\"transport_layer\":2,\"wpgmza_show_points_of_interest\":0,\"wpgmza_auto_night\":0}}' data-shortcode-attributes='{\"id\":\"1\"}' style=\"display:block; overflow:auto; width:100%; height:400px; margin-left:auto !important; margin-right:auto; !important; align:center;\"><\/div>\n\n\n\n<p>Tel\/Fax:<\/p>\n\n\n\n<p>+421 56 678 4050<\/p>\n\n\n\n<p>+421 56 678 2548<\/p>\n\n\n\n<p><strong>Fax:<\/strong><\/p>\n\n\n\n<p>+421 56 668 5160<\/p>\n\n\n\n<p><strong>Mobil:<\/strong><\/p>\n\n\n\n<p>0903 625686 &#8211; Ing. Zdeno Jen\u010d\u00edk&nbsp;(v\u00fdpo\u010dtov\u00e1 technika)<\/p>\n\n\n\n<p>0903 625658 &#8211; Ing. Mari\u00e1n Hrinda&nbsp;(v\u00fdpo\u010dtov\u00e1 technika)<\/p>\n\n\n\n<p>0905 915189 &#8211; Ing. Jaroslav Kond\u00e1\u0161&nbsp;(z\u00e1sobn\u00edky a sil\u00e1)<\/p>\n\n\n\n<p><strong>e-mail:<\/strong><\/p>\n\n\n\n<p><a href=\"mailto:ekosys@ekosys.sk\">ekosys@ekosys.sk<\/a><\/p>\n\n\n\n<p><a href=\"mailto:jencik@ekosys.sk\">jencik@ekosys.sk<\/a><\/p>\n\n\n\n<p><a href=\"mailto:hrinda@ekosys.sk\">hrinda@ekosys.sk<\/a><\/p>\n\n\n\n<p><a href=\"mailto:kondas@ekosys.sk\">kondas@ekosys.sk<\/a><\/p>\n","protected":false},"excerpt":{"rendered":"<p>Adresa: Ekosys spol s r.o., Koll\u00e1rova 4, 078 01 Se\u010dovce Tel\/Fax: +421 56 678 4050 +421 56 678 2548 Fax: +421 56 668 5160 Mobil: 0903 625686 &#8211; Ing. Zdeno Jen\u010d\u00edk&nbsp;(v\u00fdpo\u010dtov\u00e1 technika) 0903 625658 &#8211; Ing. Mari\u00e1n Hrinda&nbsp;(v\u00fdpo\u010dtov\u00e1 technika) 0905 915189 &#8211; Ing. Jaroslav Kond\u00e1\u0161&nbsp;(z\u00e1sobn\u00edky a sil\u00e1) e-mail: ekosys@ekosys.sk jencik@ekosys.sk hrinda@ekosys.sk kondas@ekosys.sk<\/p>\n","protected":false},"author":1,"featured_media":0,"parent":0,"menu_order":0,"comment_status":"closed","ping_status":"closed","template":"","meta":[],"_links":{"self":[{"href":"http:\/\/85.159.110.180\/Test\/Ekosys\/wp-json\/wp\/v2\/pages\/86"}],"collection":[{"href":"http:\/\/85.159.110.180\/Test\/Ekosys\/wp-json\/wp\/v2\/pages"}],"about":[{"href":"http:\/\/85.159.110.180\/Test\/Ekosys\/wp-json\/wp\/v2\/types\/page"}],"author":[{"embeddable":true,"href":"http:\/\/85.159.110.180\/Test\/Ekosys\/wp-json\/wp\/v2\/users\/1"}],"replies":[{"embeddable":true,"href":"http:\/\/85.159.110.180\/Test\/Ekosys\/wp-json\/wp\/v2\/comments?post=86"}],"version-history":[{"count":1,"href":"http:\/\/85.159.110.180\/Test\/Ekosys\/wp-json\/wp\/v2\/pages\/86\/revisions"}],"predecessor-version":[{"id":87,"href":"http:\/\/85.159.110.180\/Test\/Ekosys\/wp-json\/wp\/v2\/pages\/86\/revisions\/87"}],"wp:attachment":[{"href":"http:\/\/85.159.110.180\/Test\/Ekosys\/wp-json\/wp\/v2\/media?parent=86"}],"curies":[{"name":"wp","href":"https:\/\/api.w.org\/{rel}","templated":true}]}}