{"id":29,"date":"2020-10-13T12:39:57","date_gmt":"2020-10-13T10:39:57","guid":{"rendered":"http:\/\/85.159.110.180\/Test\/Ekosys\/?page_id=29"},"modified":"2020-10-14T16:03:48","modified_gmt":"2020-10-14T14:03:48","slug":"home","status":"publish","type":"page","link":"http:\/\/85.159.110.180\/Test\/Ekosys\/","title":{"rendered":"Domov"},"content":{"rendered":"\n<div class=\"wp-block-nextend-smartslider3\">\n<!-- Nextend Smart Slider 3 #3 - BEGIN -->\n<div id=\"n2-ss-3-align\" class=\"n2-ss-align\"><div class=\"n2-padding\"><div id=\"n2-ss-3\" class=\"n2-ss-slider n2-ow n2notransition n2-ss-load-fade \" data-minFontSizedesktopPortrait=\"1\" data-minFontSizedesktopLandscape=\"1\" data-minFontSizetabletPortrait=\"1\" data-minFontSizetabletLandscape=\"1\" data-minFontSizemobilePortrait=\"1\" data-minFontSizemobileLandscape=\"1\" style=\"font-size: 16px;\" data-fontsize=\"16\">\r\n        <div class=\"n2-ss-slider-1 n2-ow\" style=\"\">\r\n                        <div class=\"n2-ss-slider-2 n2-ow\">\r\n                                <div class=\"n2-ss-slider-3 n2-ow\" style=\"\">\r\n\r\n                    <div data-slide-duration=\"0\" data-id=\"12\" class=\"n2-ss-slide n2-ss-canvas n2-ow  n2-ss-slide-active n2-ss-slide-12\" style=\"\"><div data-hash=\"a1cc585c77ba290a6d0a1200836d228a\" data-desktop=\"\/\/85.159.110.180\/Test\/Ekosys\/wp-content\/uploads\/2020\/10\/phoca_thumb_l_09.jpg\" style=\"\" class=\"n2-ss-slide-background n2-ow\" data-opacity=\"1\" data-blur=\"0\" data-mode=\"fill\" data-x=\"50\" data-y=\"50\"><img title=\"\" src=\"\/\/85.159.110.180\/Test\/Ekosys\/wp-content\/uploads\/2020\/10\/phoca_thumb_l_09.jpg\" alt=\"\" \/><\/div><div class=\"n2-ss-layers-container n2-ow\" data-csstextalign=\"center\" style=\"\"><div class=\"n2-ss-section-outer\" style=\"\"><div class=\"n2-ss-layer n2-ow\" style=\"overflow:;\" data-csstextalign=\"inherit\" data-desktopportraitmaxwidth=\"0\" data-cssselfalign=\"inherit\" data-desktopportraitselfalign=\"inherit\" data-pm=\"content\" data-desktopportraitpadding=\"10|*|10|*|10|*|10|*|px+\" data-desktopportraitinneralign=\"inherit\" data-type=\"content\" data-rotation=\"0\" data-desktopportrait=\"1\" data-desktoplandscape=\"1\" data-tabletportrait=\"1\" data-tabletlandscape=\"1\" data-mobileportrait=\"1\" data-mobilelandscape=\"1\" data-adaptivefont=\"1\" data-desktopportraitfontsize=\"100\" data-plugin=\"rendered\"><div class=\"n2-ss-section-main-content n2-ss-layer-content n2-ow\" style=\"padding:0.625em 0.625em 0.625em 0.625em ;\" data-verticalalign=\"center\"><div class=\"n2-ss-layer n2-ow\" style=\"margin:0em 0em 0em 0em ;overflow:visible;\" data-pm=\"normal\" data-desktopportraitmargin=\"0|*|0|*|0|*|0|*|px+\" data-desktopportraitheight=\"0\" data-desktopportraitmaxwidth=\"0\" data-cssselfalign=\"inherit\" data-desktopportraitselfalign=\"inherit\" data-type=\"layer\" data-rotation=\"0\" data-desktopportrait=\"1\" data-desktoplandscape=\"1\" data-tabletportrait=\"1\" data-tabletlandscape=\"1\" data-mobileportrait=\"1\" data-mobilelandscape=\"1\" data-adaptivefont=\"0\" data-desktopportraitfontsize=\"100\" data-plugin=\"rendered\"><div id=\"n2-ss-3item1\" class=\"  n2-ow\" style=\"display:block;\"><a class=\"n2-ow n2-font-fb5f0238c466f6041e15e5f2b6f1fc69-hover n2-style-7dd3c1684975eb736b4786eda41aaabc-heading \" style=\"display:block;\" href=\"http:\/\/85.159.110.180\/Test\/Ekosys\/zasobnik-zc-32-60\/\">Cementov\u00e9 silo<\/a><\/div><\/div><\/div><\/div><\/div><\/div><\/div><div data-slide-duration=\"0\" data-id=\"13\" class=\"n2-ss-slide n2-ss-canvas n2-ow  n2-ss-slide-13\" style=\"\"><div data-hash=\"142ff49971598e11e214bc241fea8622\" data-desktop=\"\/\/85.159.110.180\/Test\/Ekosys\/wp-content\/uploads\/2020\/10\/Fotografia0055.jpg\" style=\"\" class=\"n2-ss-slide-background n2-ow\" data-opacity=\"1\" data-blur=\"0\" data-mode=\"fill\" data-x=\"50\" data-y=\"50\"><img title=\"\" src=\"\/\/85.159.110.180\/Test\/Ekosys\/wp-content\/uploads\/2020\/10\/Fotografia0055.jpg\" alt=\"\" \/><\/div><div class=\"n2-ss-layers-container n2-ow\" data-csstextalign=\"center\" style=\"\"><\/div><\/div>                <\/div>\r\n            <\/div>\r\n        <\/div>\r\n        <div data-ssleft=\"0+15\" data-sstop=\"height\/2-previousheight\/2\" id=\"n2-ss-3-arrow-previous\" class=\"n2-ss-widget n2-ss-widget-display-desktop n2-ss-widget-display-tablet n2-ss-widget-display-mobile n2-ss-widget-display-hover nextend-arrow n2-ib n2-ow nextend-arrow-previous  nextend-arrow-animated-fade\" style=\"position: absolute;\" role=\"button\" aria-label=\"Previous slide\" tabindex=\"0\"><img class=\"n2-ow\" data-no-lazy=\"1\" data-hack=\"data-lazy-src\" src=\"data:image\/svg+xml;base64,PHN2ZyB3aWR0aD0iMzIiIGhlaWdodD0iMzIiIHZpZXdCb3g9IjAgMCAzMiAzMiIgeG1sbnM9Imh0dHA6Ly93d3cudzMub3JnLzIwMDAvc3ZnIj48cGF0aCBkPSJNMTEuNDMzIDE1Ljk5MkwyMi42OSA1LjcxMmMuMzkzLS4zOS4zOTMtMS4wMyAwLTEuNDItLjM5My0uMzktMS4wMy0uMzktMS40MjMgMGwtMTEuOTggMTAuOTRjLS4yMS4yMS0uMy40OS0uMjg1Ljc2LS4wMTUuMjguMDc1LjU2LjI4NC43N2wxMS45OCAxMC45NGMuMzkzLjM5IDEuMDMuMzkgMS40MjQgMCAuMzkzLS40LjM5My0xLjAzIDAtMS40MmwtMTEuMjU3LTEwLjI5IiBmaWxsPSIjZmZmZmZmIiBvcGFjaXR5PSIwLjgiIGZpbGwtcnVsZT0iZXZlbm9kZCIvPjwvc3ZnPg==\" alt=\"Arrow\" \/><\/div><div data-ssright=\"0+15\" data-sstop=\"height\/2-nextheight\/2\" id=\"n2-ss-3-arrow-next\" class=\"n2-ss-widget n2-ss-widget-display-desktop n2-ss-widget-display-tablet n2-ss-widget-display-mobile n2-ss-widget-display-hover nextend-arrow n2-ib n2-ow nextend-arrow-next  nextend-arrow-animated-fade\" style=\"position: absolute;\" role=\"button\" aria-label=\"Next slide\" tabindex=\"0\"><img class=\"n2-ow\" data-no-lazy=\"1\" data-hack=\"data-lazy-src\" src=\"data:image\/svg+xml;base64,PHN2ZyB3aWR0aD0iMzIiIGhlaWdodD0iMzIiIHZpZXdCb3g9IjAgMCAzMiAzMiIgeG1sbnM9Imh0dHA6Ly93d3cudzMub3JnLzIwMDAvc3ZnIj48cGF0aCBkPSJNMTAuNzIyIDQuMjkzYy0uMzk0LS4zOS0xLjAzMi0uMzktMS40MjcgMC0uMzkzLjM5LS4zOTMgMS4wMyAwIDEuNDJsMTEuMjgzIDEwLjI4LTExLjI4MyAxMC4yOWMtLjM5My4zOS0uMzkzIDEuMDIgMCAxLjQyLjM5NS4zOSAxLjAzMy4zOSAxLjQyNyAwbDEyLjAwNy0xMC45NGMuMjEtLjIxLjMtLjQ5LjI4NC0uNzcuMDE0LS4yNy0uMDc2LS41NS0uMjg2LS43NkwxMC43MiA0LjI5M3oiIGZpbGw9IiNmZmZmZmYiIG9wYWNpdHk9IjAuOCIgZmlsbC1ydWxlPSJldmVub2RkIi8+PC9zdmc+\" alt=\"Arrow\" \/><\/div>\n<div data-ssleft=\"width\/2-bulletwidth\/2\" data-ssbottom=\"0+10\" data-offset=\"10\" class=\"n2-ss-widget n2-ss-widget-display-desktop n2-ss-widget-display-tablet n2-ss-widget-display-mobile nextend-bullet-bar n2-ib n2-ow nextend-bullet-bar-horizontal\" style=\"text-align: center;position: absolute;\"><div class=\"n2-ow n2-style-2a0a200d6a6e1fade27fb9c90af83812-dot n2-active\" tabindex=\"0\"><\/div><div class=\"n2-ow n2-style-2a0a200d6a6e1fade27fb9c90af83812-dot \" tabindex=\"0\"><\/div><\/div>\n<div data-offset=\"0\" class=\"n2-ss-widget n2-ss-widget-display-desktop n2-ss-widget-display-tablet n2-ss-widget-display-mobile nextend-indicator nextend-indicator-stripe n2-ow\" style=\"background-color:#;background-color:RGBA(0,0,0,0.67);position: absolute;left:0px;bottom:0px;width:100%;\"><div class=\"nextend-indicator-track  n2-ow\" style=\"height: 6px;background-color:#;background-color:RGBA(0,193,196,1);\"><\/div><\/div>\n<\/div><div class=\"n2-clear\"><\/div><div id=\"n2-ss-3-spinner\" style=\"display: none;\"><div><div class=\"n2-ss-spinner-simple-white-container\"><div class=\"n2-ss-spinner-simple-white\"><\/div><\/div><\/div><\/div><\/div><\/div><div id=\"n2-ss-3-placeholder\" style=\"position: relative;z-index:2;\"><img style=\"width: 100%; max-width:3000px; display: block;\" class=\"n2-ow\" src=\"data:image\/svg+xml;base64,PHN2ZyB4bWxucz0iaHR0cDovL3d3dy53My5vcmcvMjAwMC9zdmciIHZlcnNpb249IjEuMCIgd2lkdGg9IjEyMDAiIGhlaWdodD0iMzAwIiA+PC9zdmc+\" alt=\"Slider\" \/><\/div>\n<!-- Nextend Smart Slider 3 #3 - END -->\n<\/div>\n\n\n\n<div style=\"height:40px\" aria-hidden=\"true\" class=\"wp-block-spacer\"><\/div>\n\n\n\n<div class=\"wp-block-media-text alignwide has-media-on-the-right is-stacked-on-mobile\"><figure class=\"wp-block-media-text__media\"><img loading=\"lazy\" width=\"549\" height=\"412\" src=\"http:\/\/85.159.110.180\/Test\/Ekosys\/wp-content\/uploads\/2020\/10\/08.jpg\" alt=\"\" class=\"wp-image-33\" srcset=\"http:\/\/85.159.110.180\/Test\/Ekosys\/wp-content\/uploads\/2020\/10\/08.jpg 549w, http:\/\/85.159.110.180\/Test\/Ekosys\/wp-content\/uploads\/2020\/10\/08-350x263.jpg 350w, http:\/\/85.159.110.180\/Test\/Ekosys\/wp-content\/uploads\/2020\/10\/08-300x225.jpg 300w\" sizes=\"(max-width: 549px) 100vw, 549px\" \/><\/figure><div class=\"wp-block-media-text__content\">\n<p class=\"has-normal-font-size\"><strong>Z\u00e1sobn\u00edk ZC &#8211; 32\/60<\/strong> je ur\u010den\u00fd na kr\u00e1tkodob\u00e9 skladovanie nedbal\u00e9ho cementu a popol\u010deka. Je stabiln\u00fd, kotven\u00fd v bet\u00f3nov\u00fdch z\u00e1kladoch. Sklad\u00e1 sa zo zvarenca n\u00e1doby a podstavca. K n\u00e1dobe je priskrutkovan\u00fd vstupn\u00fd rebr\u00edk, z\u00e1bradlie a hadicov\u00fd filter. Na streche z\u00e1sobn\u00edka je umiestnen\u00fd vstupn\u00fd otvor a pretlakov\u00e1 klapka. V dolnej \u010dasti ku\u017ee\u013ea je namontovan\u00e9 \u010derenie cementu a gu\u013eov\u00fd uz\u00e1ver. Plniace potrubie uzatv\u00e1ra k\u013abov\u00e1 spojka. Na zvl\u00e1\u0161tnu objedn\u00e1vku mo\u017eno z\u00e1sobn\u00edky vybavi\u0165 kapacitn\u00fdm meran\u00edm.<\/p>\n<\/div><\/div>\n\n\n\n<div style=\"height:72px\" aria-hidden=\"true\" class=\"wp-block-spacer\"><\/div>\n\n\n\n<div class=\"wp-block-media-text alignwide has-media-on-the-right is-stacked-on-mobile\"><figure class=\"wp-block-media-text__media\"><img loading=\"lazy\" width=\"549\" height=\"412\" src=\"http:\/\/85.159.110.180\/Test\/Ekosys\/wp-content\/uploads\/2020\/10\/24.jpg\" alt=\"\" class=\"wp-image-42\" srcset=\"http:\/\/85.159.110.180\/Test\/Ekosys\/wp-content\/uploads\/2020\/10\/24.jpg 549w, http:\/\/85.159.110.180\/Test\/Ekosys\/wp-content\/uploads\/2020\/10\/24-300x225.jpg 300w\" sizes=\"(max-width: 549px) 100vw, 549px\" \/><\/figure><div class=\"wp-block-media-text__content\">\n<p class=\"has-normal-font-size\"><strong>Z\u00e1sobn\u00edk ZC &#8211; 125.1<\/strong> je ur\u010den\u00fd na kr\u00e1tkodob\u00e9 skladovanie nedbal\u00e9ho cementu a popol\u010deka. Je stabiln\u00fd, kotven\u00fd v bet\u00f3nov\u00fdch z\u00e1kladoch. Sklad\u00e1 sa zo zvarenca n\u00e1doby a podstavca. K n\u00e1dobe je priskrutkovan\u00fd vstupn\u00fd rebr\u00edk, z\u00e1bradlie a hadicov\u00fd filter. Na streche z\u00e1sobn\u00edka je umiestnen\u00fd vstupn\u00fd otvor a pretlakov\u00e1 klapka. V dolnej \u010dasti ku\u017ee\u013ea je namontovan\u00e9 \u010derenie cementu a gu\u013eov\u00fd uz\u00e1ver. Plniace potrubie uzatv\u00e1ra k\u013abov\u00e1 spojka. Na zvl\u00e1\u0161tnu objedn\u00e1vku mo\u017eno z\u00e1sobn\u00edky vybavi\u0165 kapacitn\u00fdm meran\u00edm.<\/p>\n<\/div><\/div>\n\n\n\n<div style=\"height:78px\" aria-hidden=\"true\" class=\"wp-block-spacer\"><\/div>\n\n\n\n<div class=\"wp-block-media-text alignwide has-media-on-the-right is-stacked-on-mobile\"><figure class=\"wp-block-media-text__media\"><img loading=\"lazy\" width=\"549\" height=\"412\" src=\"http:\/\/85.159.110.180\/Test\/Ekosys\/wp-content\/uploads\/2020\/10\/22.jpg\" alt=\"\" class=\"wp-image-46\" srcset=\"http:\/\/85.159.110.180\/Test\/Ekosys\/wp-content\/uploads\/2020\/10\/22.jpg 549w, http:\/\/85.159.110.180\/Test\/Ekosys\/wp-content\/uploads\/2020\/10\/22-300x225.jpg 300w\" sizes=\"(max-width: 549px) 100vw, 549px\" \/><\/figure><div class=\"wp-block-media-text__content\">\n<p class=\"has-normal-font-size\"><strong>Z\u00e1sobn\u00edk ZC &#8211; 250<\/strong> je ur\u010den\u00fd na kr\u00e1tkodob\u00e9 skladovanie nedbal\u00e9ho cementu a popol\u010deka. Je stabiln\u00fd, kotven\u00fd v bet\u00f3nov\u00fdch z\u00e1kladoch. Sklad\u00e1 sa zo zvarenca n\u00e1doby a podstavca. K n\u00e1dobe je priskrutkovan\u00fd vstupn\u00fd rebr\u00edk, z\u00e1bradlie a hadicov\u00fd filter. Na streche z\u00e1sobn\u00edka je umiestnen\u00fd vstupn\u00fd otvor a pretlakov\u00e1 klapka. V dolnej \u010dasti ku\u017ee\u013ea je namontovan\u00e9 \u010derenie cementu a gu\u013eov\u00fd uz\u00e1ver. Plniace potrubie uzatv\u00e1ra k\u013abov\u00e1 spojka. Na zvl\u00e1\u0161tnu objedn\u00e1vku mo\u017eno z\u00e1sobn\u00edky vybavi\u0165 kapacitn\u00fdm meran\u00edm.<\/p>\n<\/div><\/div>\n\n\n\n<h2 class=\"has-text-align-center\">Partneri<br><\/h2>\n\n\n\n\n<!-- Nextend Smart Slider 3 #4 - BEGIN -->\n<div id=\"n2-ss-4-align\" class=\"n2-ss-align\"><div class=\"n2-padding\"><div id=\"n2-ss-4\" class=\"n2-ss-slider n2-ow n2notransition n2-ss-load-fade \" data-minFontSizedesktopPortrait=\"1\" data-minFontSizedesktopLandscape=\"1\" data-minFontSizetabletPortrait=\"1\" data-minFontSizetabletLandscape=\"1\" data-minFontSizemobilePortrait=\"1\" data-minFontSizemobileLandscape=\"1\" style=\"font-size: 16px;\" data-fontsize=\"16\">        <div class=\"n2-ss-slider-1 n2-ow\" style=\"\">\r\n            <div class=\"n2-ss-slider-2 n2-ow\">\r\n                <div class=\"n2-ss-slider-pane n2-ow\">\r\n                                        <div class=\"n2-ss-slide-group n2-ow  n2-ss-slide-active n2-ss-slide-14\"><div data-slide-duration=\"0\" data-id=\"14\" class=\"n2-ss-slide  n2-ss-slide-active n2-ss-slide-14 n2-ss-canvas n2-ow\" style=\"\"><div data-hash=\"c2834183ddc447979780c1cea5100b11\" data-desktop=\"\/\/85.159.110.180\/Test\/Ekosys\/wp-content\/uploads\/2020\/10\/unnamed.jpg\" style=\"\" class=\"n2-ss-slide-background n2-ow\" data-opacity=\"1\" data-blur=\"0\" data-mode=\"fill\" data-x=\"50\" data-y=\"50\"><img title=\"\" src=\"\/\/85.159.110.180\/Test\/Ekosys\/wp-content\/uploads\/2020\/10\/unnamed.jpg\" alt=\"\" \/><\/div><div class=\"n2-ss-layers-container n2-ow\" data-csstextalign=\"center\" style=\"\"><\/div><\/div><\/div><div class=\"n2-ss-slide-group n2-ow  n2-ss-slide-15\"><div data-slide-duration=\"0\" data-id=\"15\" class=\"n2-ss-slide  n2-ss-slide-15 n2-ss-canvas n2-ow\" style=\"\"><div data-hash=\"c2834183ddc447979780c1cea5100b11\" data-desktop=\"\/\/85.159.110.180\/Test\/Ekosys\/wp-content\/uploads\/2020\/10\/unnamed.jpg\" style=\"\" class=\"n2-ss-slide-background n2-ow\" data-opacity=\"1\" data-blur=\"0\" data-mode=\"fill\" data-x=\"50\" data-y=\"50\"><img title=\"\" src=\"\/\/85.159.110.180\/Test\/Ekosys\/wp-content\/uploads\/2020\/10\/unnamed.jpg\" alt=\"\" \/><\/div><div class=\"n2-ss-layers-container n2-ow\" data-csstextalign=\"center\" style=\"\"><\/div><\/div><\/div><div class=\"n2-ss-slide-group n2-ow  n2-ss-slide-16\"><div data-slide-duration=\"0\" data-id=\"16\" class=\"n2-ss-slide  n2-ss-slide-16 n2-ss-canvas n2-ow\" style=\"\"><div data-hash=\"c2834183ddc447979780c1cea5100b11\" data-desktop=\"\/\/85.159.110.180\/Test\/Ekosys\/wp-content\/uploads\/2020\/10\/unnamed.jpg\" style=\"\" class=\"n2-ss-slide-background n2-ow\" data-opacity=\"1\" data-blur=\"0\" data-mode=\"fill\" data-x=\"50\" data-y=\"50\"><img title=\"\" src=\"\/\/85.159.110.180\/Test\/Ekosys\/wp-content\/uploads\/2020\/10\/unnamed.jpg\" alt=\"\" \/><\/div><div class=\"n2-ss-layers-container n2-ow\" data-csstextalign=\"center\" style=\"\"><\/div><\/div><\/div><div class=\"n2-ss-slide-group n2-ow  n2-ss-slide-17\"><div data-slide-duration=\"0\" data-id=\"17\" class=\"n2-ss-slide  n2-ss-slide-17 n2-ss-canvas n2-ow\" style=\"\"><div data-hash=\"c2834183ddc447979780c1cea5100b11\" data-desktop=\"\/\/85.159.110.180\/Test\/Ekosys\/wp-content\/uploads\/2020\/10\/unnamed.jpg\" style=\"\" class=\"n2-ss-slide-background n2-ow\" data-opacity=\"1\" data-blur=\"0\" data-mode=\"fill\" data-x=\"50\" data-y=\"50\"><img title=\"\" src=\"\/\/85.159.110.180\/Test\/Ekosys\/wp-content\/uploads\/2020\/10\/unnamed.jpg\" alt=\"\" \/><\/div><div class=\"n2-ss-layers-container n2-ow\" data-csstextalign=\"center\" style=\"\"><\/div><\/div><\/div><div class=\"n2-ss-slide-group n2-ow  n2-ss-slide-18\"><div data-slide-duration=\"0\" data-id=\"18\" class=\"n2-ss-slide  n2-ss-slide-18 n2-ss-canvas n2-ow\" style=\"\"><div data-hash=\"c2834183ddc447979780c1cea5100b11\" data-desktop=\"\/\/85.159.110.180\/Test\/Ekosys\/wp-content\/uploads\/2020\/10\/unnamed.jpg\" style=\"\" class=\"n2-ss-slide-background n2-ow\" data-opacity=\"1\" data-blur=\"0\" data-mode=\"fill\" data-x=\"50\" data-y=\"50\"><img title=\"\" src=\"\/\/85.159.110.180\/Test\/Ekosys\/wp-content\/uploads\/2020\/10\/unnamed.jpg\" alt=\"\" \/><\/div><div class=\"n2-ss-layers-container n2-ow\" data-csstextalign=\"center\" style=\"\"><\/div><\/div><\/div>                <\/div>\r\n            <\/div>\r\n        <\/div>\r\n        <div data-sstop=\"height\/2-previousheight\/2\" id=\"n2-ss-4-arrow-previous\" class=\"n2-ss-widget n2-ss-widget-display-desktop n2-ss-widget-display-tablet n2-ss-widget-display-mobile nextend-arrow n2-ib nextend-arrow-animated n2-ow nextend-arrow-animated-horizontal nextend-arrow-previous\" style=\"position: absolute;left:0px;\" role=\"button\" aria-label=\"Previous slide\" tabindex=\"0\"><div class=\"n2-style-f00b53cae20b25b496c6bebfdf2be3f7-heading-active  n2-resize\"><img class=\"n2-ow\" data-no-lazy=\"1\" data-hack=\"data-lazy-src\" src=\"data:image\/svg+xml;base64,PHN2ZyB4bWxucz0iaHR0cDovL3d3dy53My5vcmcvMjAwMC9zdmciIHdpZHRoPSIzMiIgaGVpZ2h0PSIzMiIgdmlld0JveD0iMCAwIDMyIDMyIj4KICAgIDxwYXRoIGZpbGw9IiNmZmZmZmYiIGZpbGwtcnVsZT0iZXZlbm9kZCIgZD0iTTIwLjY1NCA5LjQzbC02LjMyNiA2LjUyNSA2LjMyNiA2LjZjLjI0Mi4yNTMuMzYuNTQ1LjM2Ljg4IDAgLjMzMy0uMTE4LjYyNS0uMzYuODc3bC0xLjI0NCAxLjNjLS4yNC4yNS0uNTIzLjM3NS0uODQuMzc1LS4zMiAwLS42LS4xMjQtLjg0LS4zNzZsLTguMzY3LTguNzJjLS4yNC0uMjUtLjM2My0uNTQtLjM2My0uODggMC0uMzM0LjEyMi0uNjMuMzYzLS44OGw4LjM2Ny04Ljc1Yy4yMy0uMjUyLjUxLS4zNzcuODMtLjM3Ny4zMjUgMCAuNjA3LjEyNi44NS4zNzhsMS4yNDIgMS4zMjZjLjI0Mi4yNTIuMzYuNTQuMzYuODY0IDAgLjMyLS4xMTguNjEtLjM2Ljg2eiIgb3BhY2l0eT0iMC44Ii8+Cjwvc3ZnPgo=\" alt=\"Arrow\" \/><\/div><div class=\"n2-style-f00b53cae20b25b496c6bebfdf2be3f7-heading-active  n2-active n2-resize\"><img class=\"n2-ow\" data-no-lazy=\"1\" data-hack=\"data-lazy-src\" src=\"data:image\/svg+xml;base64,PHN2ZyB4bWxucz0iaHR0cDovL3d3dy53My5vcmcvMjAwMC9zdmciIHdpZHRoPSIzMiIgaGVpZ2h0PSIzMiIgdmlld0JveD0iMCAwIDMyIDMyIj4KICAgIDxwYXRoIGZpbGw9IiNmZmZmZmYiIGZpbGwtcnVsZT0iZXZlbm9kZCIgZD0iTTIwLjY1NCA5LjQzbC02LjMyNiA2LjUyNSA2LjMyNiA2LjZjLjI0Mi4yNTMuMzYuNTQ1LjM2Ljg4IDAgLjMzMy0uMTE4LjYyNS0uMzYuODc3bC0xLjI0NCAxLjNjLS4yNC4yNS0uNTIzLjM3NS0uODQuMzc1LS4zMiAwLS42LS4xMjQtLjg0LS4zNzZsLTguMzY3LTguNzJjLS4yNC0uMjUtLjM2My0uNTQtLjM2My0uODggMC0uMzM0LjEyMi0uNjMuMzYzLS44OGw4LjM2Ny04Ljc1Yy4yMy0uMjUyLjUxLS4zNzcuODMtLjM3Ny4zMjUgMCAuNjA3LjEyNi44NS4zNzhsMS4yNDIgMS4zMjZjLjI0Mi4yNTIuMzYuNTQuMzYuODY0IDAgLjMyLS4xMTguNjEtLjM2Ljg2eiIgb3BhY2l0eT0iMC44Ii8+Cjwvc3ZnPgo=\" alt=\"Arrow\" \/><\/div><\/div><div data-sstop=\"height\/2-nextheight\/2\" id=\"n2-ss-4-arrow-next\" class=\"n2-ss-widget n2-ss-widget-display-desktop n2-ss-widget-display-tablet n2-ss-widget-display-mobile nextend-arrow n2-ib nextend-arrow-animated n2-ow nextend-arrow-animated-horizontal nextend-arrow-next\" style=\"position: absolute;right:0px;\" role=\"button\" aria-label=\"Next slide\" tabindex=\"0\"><div class=\"n2-style-f00b53cae20b25b496c6bebfdf2be3f7-heading-active  n2-resize\"><img class=\"n2-ow\" data-no-lazy=\"1\" data-hack=\"data-lazy-src\" src=\"data:image\/svg+xml;base64,PHN2ZyB3aWR0aD0iMzIiIGhlaWdodD0iMzIiIHZpZXdCb3g9IjAgMCAzMiAzMiIgeG1sbnM9Imh0dHA6Ly93d3cudzMub3JnLzIwMDAvc3ZnIj48cGF0aCBkPSJNMTMuMjg2IDI1LjYxYy0uMjQuMjUzLS41Mi4zNzctLjg0LjM3Ny0uMzE4IDAtLjYtLjEyNC0uODQtLjM3NmwtMS4yNDUtMS4yOTdjLS4yNC0uMjUyLS4zNi0uNTQ0LS4zNi0uODc4IDAtLjMzNC4xMi0uNjI2LjM2LS44NzhsNi4zMjgtNi42TDEwLjM2IDkuNDNjLS4yNC0uMjUtLjM2LS41NC0uMzYtLjg2NCAwLS4zMjMuMTItLjYxMi4zNi0uODY0bDEuMjQ1LTEuMzI1Yy4yNC0uMjUyLjUyMy0uMzc3Ljg0OC0uMzc3LjMyMyAwIC42MDIuMTI1LjgzMy4zNzdsOC4zNjYgOC43NDZjLjI0LjI1LjM2My41NDYuMzYzLjg4MiAwIC4zNC0uMTIyLjYzNC0uMzYzLjg4NmwtOC4zNjYgOC43MnoiIGZpbGw9IiNmZmZmZmYiIG9wYWNpdHk9IjAuOCIgZmlsbC1ydWxlPSJldmVub2RkIi8+PC9zdmc+\" alt=\"Arrow\" \/><\/div><div class=\"n2-style-f00b53cae20b25b496c6bebfdf2be3f7-heading-active  n2-active n2-resize\"><img class=\"n2-ow\" data-no-lazy=\"1\" data-hack=\"data-lazy-src\" src=\"data:image\/svg+xml;base64,PHN2ZyB3aWR0aD0iMzIiIGhlaWdodD0iMzIiIHZpZXdCb3g9IjAgMCAzMiAzMiIgeG1sbnM9Imh0dHA6Ly93d3cudzMub3JnLzIwMDAvc3ZnIj48cGF0aCBkPSJNMTMuMjg2IDI1LjYxYy0uMjQuMjUzLS41Mi4zNzctLjg0LjM3Ny0uMzE4IDAtLjYtLjEyNC0uODQtLjM3NmwtMS4yNDUtMS4yOTdjLS4yNC0uMjUyLS4zNi0uNTQ0LS4zNi0uODc4IDAtLjMzNC4xMi0uNjI2LjM2LS44NzhsNi4zMjgtNi42TDEwLjM2IDkuNDNjLS4yNC0uMjUtLjM2LS41NC0uMzYtLjg2NCAwLS4zMjMuMTItLjYxMi4zNi0uODY0bDEuMjQ1LTEuMzI1Yy4yNC0uMjUyLjUyMy0uMzc3Ljg0OC0uMzc3LjMyMyAwIC42MDIuMTI1LjgzMy4zNzdsOC4zNjYgOC43NDZjLjI0LjI1LjM2My41NDYuMzYzLjg4MiAwIC4zNC0uMTIyLjYzNC0uMzYzLjg4NmwtOC4zNjYgOC43MnoiIGZpbGw9IiNmZmZmZmYiIG9wYWNpdHk9IjAuOCIgZmlsbC1ydWxlPSJldmVub2RkIi8+PC9zdmc+\" alt=\"Arrow\" \/><\/div><\/div>\n<div data-ssleft=\"width\/2-bulletwidth\/2\" data-ssbottom=\"0+10\" data-offset=\"10\" class=\"n2-ss-widget n2-ss-widget-display-desktop n2-ss-widget-display-tablet n2-ss-widget-display-mobile nextend-bullet-bar n2-ib n2-ow nextend-bullet-bar-horizontal\" style=\"text-align: center;position: absolute;\"><div class=\"n2-ow n2-style-df76dff3125517146120fd5ed8a408fc-dot n2-active\" tabindex=\"0\"><\/div><div class=\"n2-ow n2-style-df76dff3125517146120fd5ed8a408fc-dot \" tabindex=\"0\"><\/div><div class=\"n2-ow n2-style-df76dff3125517146120fd5ed8a408fc-dot \" tabindex=\"0\"><\/div><div class=\"n2-ow n2-style-df76dff3125517146120fd5ed8a408fc-dot \" tabindex=\"0\"><\/div><div class=\"n2-ow n2-style-df76dff3125517146120fd5ed8a408fc-dot \" tabindex=\"0\"><\/div><\/div>\n<\/div><div class=\"n2-clear\"><\/div><div id=\"n2-ss-4-spinner\" style=\"display: none;\"><div><div class=\"n2-ss-spinner-simple-white-container\"><div class=\"n2-ss-spinner-simple-white\"><\/div><\/div><\/div><\/div><\/div><\/div><div id=\"n2-ss-4-placeholder\" style=\"position: relative;z-index:2;\"><img style=\"width: 100%; max-width:3000px; display: block;\" class=\"n2-ow\" src=\"data:image\/svg+xml;base64,PHN2ZyB4bWxucz0iaHR0cDovL3d3dy53My5vcmcvMjAwMC9zdmciIHZlcnNpb249IjEuMCIgd2lkdGg9IjEyMDAiIGhlaWdodD0iMzAwIiA+PC9zdmc+\" alt=\"Slider\" \/><\/div>\n<!-- Nextend Smart Slider 3 #4 - END -->\n\n","protected":false},"excerpt":{"rendered":"<p>Z\u00e1sobn\u00edk ZC &#8211; 32\/60 je ur\u010den\u00fd na kr\u00e1tkodob\u00e9 skladovanie nedbal\u00e9ho cementu a popol\u010deka. Je stabiln\u00fd, kotven\u00fd v bet\u00f3nov\u00fdch z\u00e1kladoch. Sklad\u00e1 sa zo zvarenca n\u00e1doby a podstavca. K n\u00e1dobe je priskrutkovan\u00fd vstupn\u00fd rebr\u00edk, z\u00e1bradlie a hadicov\u00fd filter. Na streche z\u00e1sobn\u00edka je umiestnen\u00fd vstupn\u00fd otvor a pretlakov\u00e1 klapka. V dolnej \u010dasti ku\u017ee\u013ea je namontovan\u00e9 \u010derenie cementu a [&hellip;]<\/p>\n","protected":false},"author":1,"featured_media":0,"parent":0,"menu_order":0,"comment_status":"closed","ping_status":"closed","template":"","meta":[],"_links":{"self":[{"href":"http:\/\/85.159.110.180\/Test\/Ekosys\/wp-json\/wp\/v2\/pages\/29"}],"collection":[{"href":"http:\/\/85.159.110.180\/Test\/Ekosys\/wp-json\/wp\/v2\/pages"}],"about":[{"href":"http:\/\/85.159.110.180\/Test\/Ekosys\/wp-json\/wp\/v2\/types\/page"}],"author":[{"embeddable":true,"href":"http:\/\/85.159.110.180\/Test\/Ekosys\/wp-json\/wp\/v2\/users\/1"}],"replies":[{"embeddable":true,"href":"http:\/\/85.159.110.180\/Test\/Ekosys\/wp-json\/wp\/v2\/comments?post=29"}],"version-history":[{"count":19,"href":"http:\/\/85.159.110.180\/Test\/Ekosys\/wp-json\/wp\/v2\/pages\/29\/revisions"}],"predecessor-version":[{"id":108,"href":"http:\/\/85.159.110.180\/Test\/Ekosys\/wp-json\/wp\/v2\/pages\/29\/revisions\/108"}],"wp:attachment":[{"href":"http:\/\/85.159.110.180\/Test\/Ekosys\/wp-json\/wp\/v2\/media?parent=29"}],"curies":[{"name":"wp","href":"https:\/\/api.w.org\/{rel}","templated":true}]}}